{"id":411,"date":"2019-05-28T06:44:23","date_gmt":"2019-05-28T06:44:23","guid":{"rendered":"http:\/\/www.andinutri.com\/?page_id=411"},"modified":"2020-02-25T19:31:06","modified_gmt":"2020-02-25T19:31:06","slug":"protectia-datelor-cu-caracter-personal","status":"publish","type":"page","link":"https:\/\/www.andinutri.com\/ro\/protectia-datelor-cu-caracter-personal\/","title":{"rendered":"Protec\u021bia datelor cu caracter personal"},"content":{"rendered":"<p>Persoana Fizic\u0103 Autorizat\u0103 Szekreny Andrea (\u00een continuare PFA SZA) cu sediul social \u00een mun.T\u00e2rgu Secuiesc, Strada Molnar Jozsias 2\/1\/4\/16 nr. 2, jud. Covasna; \u00a0RONRC.5129376, \u00eenregistrat\u0103 \u00een Registrul Comer\u021bului sub nr. F14\/214\/2019, \u00een calitate de operator de date v\u0103 inform\u0103m prin prezenta cu privire la prelucrarea datelor dumneavoastr\u0103 cu caracter personal \u00a0\u00een conformitate cu Regulamentul general privind protec\u021bia datelor [\u201cGDPR\u201d] \u0219i dreptul intern \u00een vigoare.<\/p>\n<p><strong>CATEGORIILE DE DATE CU CARACTER PERSONAL PRELUCRATE<\/strong><\/p>\n<p>PFA SZA va prelucra datele dumneavoastr\u0103 cu caracter personal, cum ar fi nume \u0219i prenume, nr. de telefon, adresa de e-mail, adresa de facturare, adresa de livrare, date referitoare la modul \u00een care utiliza\u021bi site-ul, de exemplu comportamentul\/preferin\u021bele\/obi\u0219nuin\u021bele dumneavoastr\u0103 \u00een cadrul site-ului, precum \u0219i orice alte categorii de date pe care le furniza\u021bi \u00een mod direct \u00een contextul cre\u0103rii contului de utilizator, \u00een contextul plas\u0103rii unei comenzi prin site sau \u00een orice alt mod care rezult\u0103 din utilizarea site-ului. Pentru desf\u0103\u0219urarea rela\u021biei contractuale dintre dumneavoastr\u0103 (sau partenerul PFA SZA a c\u0103rui persoan\u0103 de contact sunte\u021bi) \u0219i PFA SZA, respectiv pentru preluarea, validarea, expedierea \u0219i facturarea comenzii plasate pe site, informarea dumneavoastr\u0103 asupra st\u0103rii comenzii, organizarea returului de produse comandate etc., temeiul prelucr\u0103rii datelor dumneavoastr\u0103 are la baz\u0103\u00a0<strong>executarea contractului\u00a0<\/strong>\u00eencheiat cu dumneavoastr\u0103 (sau partenerul \u00a0a c\u0103rui persoan\u0103 de contact sunte\u021bi) sau pentru a face demersuri la cererea dumneavoastr\u0103 \u00eenainte de \u00eencheierea unui contract. Furnizarea datelor dumneavoastr\u0103 cu caracter personal este necesar\u0103. Refuzul furniz\u0103rii datelor poate avea drept consecin\u021b\u0103 imposibilitatea derul\u0103rii raporturilor contractuale dintre dumneavoastr\u0103 \u0219i PFA SZA.<\/p>\n<p>Vom divulga informa\u021biile dumneavoastr\u0103 personale unor ter\u021bi: \u00een cazul \u00een care ne solicita\u021bi sau ne da\u021bi acordul \u00een acest sens; persoanelor care pot demonstra c\u0103 de\u021bin autoritatea legal\u0103 de a ac\u021biona \u00een numele dumneavoastr\u0103; \u00een cazul \u00een care este interesul nostru legitim s\u0103 facem acest lucru pentru a administra, extinde sau dezvolta activitatea comercial\u0103.<\/p>\n<p>\u00een cazul \u00een care avem obliga\u021bia de a dezv\u0103lui datele dumneavoastr\u0103 personale pentru a respecta o obliga\u021bie legal\u0103, orice solicitare legal\u0103 din partea autorit\u0103\u021bilor guvernamentale sau executive, \u0219i dup\u0103 cum poate deveni necesar pentru a \u00eendeplini anumite cerin\u021be de securitate na\u021bional\u0103 sau de aplicare a legii sau a de preveni anumite activit\u0103\u021bi ilegale; pentru a r\u0103spunde oric\u0103ror preten\u021bii, pentru a ne proteja drepturile noastre sau ale unui ter\u021b, pentru a proteja siguran\u021ba oric\u0103rei persoane sau pentru a preveni orice activitate ilegal\u0103; sau pentru a proteja drepturile, propriet\u0103\u021bile sau siguran\u021ba PFA SZA, a angaja\u021bilor s\u0103i, a clien\u021bilor s\u0103i, a furnizorilor sau a altor persoane.<\/p>\n<p>Pentru orice \u00eentreb\u0103ri suplimentare cu privire la modul \u00een care datele cu caracter personal sunt prelucrate \u0219i pentru a v\u0103 exercita drepturile men\u021bionate mai sus, v\u0103 rug\u0103m s\u0103 ne contacta\u021bi utiliz\u00e2nd urm\u0103toarele date de contact: adresa de coresponden\u021b\u0103: T\u00e2rgu Secuiesc, Strada Molnar Jozsias nr. 2, jud. Covasna; adres\u0103 de e-mail:\u00a0<a href=\"mailto:office@andinutri.ro\">office@andinutri.ro<\/a>.<\/p>\n","protected":false},"excerpt":{"rendered":"<p>Persoana Fizic\u0103 Autorizat\u0103 Szekreny Andrea (\u00een continuare PFA SZA) cu sediul social \u00een mun.T\u00e2rgu Secuiesc, Strada Molnar Jozsias 2\/1\/4\/16 nr. 2, jud. Covasna; \u00a0RONRC.5129376, \u00eenregistrat\u0103 \u00een Registrul Comer\u021bului sub nr. F14\/214\/2019, \u00een calitate de operator de date v\u0103 inform\u0103m prin prezenta cu privire la prelucrarea datelor dumneavoastr\u0103 cu caracter personal \u00a0\u00een conformitate cu Regulamentul general [&hellip;]<\/p>\n","protected":false},"author":2,"featured_media":0,"parent":0,"menu_order":0,"comment_status":"closed","ping_status":"closed","template":"subpages.php","meta":{"_acf_changed":false,"footnotes":""},"class_list":["post-411","page","type-page","status-publish","hentry"],"acf":[],"_links":{"self":[{"href":"https:\/\/www.andinutri.com\/ro\/wp-json\/wp\/v2\/pages\/411","targetHints":{"allow":["GET"]}}],"collection":[{"href":"https:\/\/www.andinutri.com\/ro\/wp-json\/wp\/v2\/pages"}],"about":[{"href":"https:\/\/www.andinutri.com\/ro\/wp-json\/wp\/v2\/types\/page"}],"author":[{"embeddable":true,"href":"https:\/\/www.andinutri.com\/ro\/wp-json\/wp\/v2\/users\/2"}],"replies":[{"embeddable":true,"href":"https:\/\/www.andinutri.com\/ro\/wp-json\/wp\/v2\/comments?post=411"}],"version-history":[{"count":2,"href":"https:\/\/www.andinutri.com\/ro\/wp-json\/wp\/v2\/pages\/411\/revisions"}],"predecessor-version":[{"id":415,"href":"https:\/\/www.andinutri.com\/ro\/wp-json\/wp\/v2\/pages\/411\/revisions\/415"}],"wp:attachment":[{"href":"https:\/\/www.andinutri.com\/ro\/wp-json\/wp\/v2\/media?parent=411"}],"curies":[{"name":"wp","href":"https:\/\/api.w.org\/{rel}","templated":true}]}}