{"id":358,"date":"2019-04-10T10:31:07","date_gmt":"2019-04-10T10:31:07","guid":{"rendered":"http:\/\/www.andinutri.com\/product\/anyagcsere-serkento-etrend\/"},"modified":"2022-03-15T14:41:24","modified_gmt":"2022-03-15T14:41:24","slug":"dieta-stimulanta-metabolica","status":"publish","type":"product","link":"https:\/\/www.andinutri.com\/ro\/csomagok\/dieta-stimulanta-metabolica\/","title":{"rendered":"Dieta stimulant\u0103 \/ metabolic\u0103."},"content":{"rendered":"<p>Greutatea este una dintre cele mai bine p\u0103zite\u00a0 secrete ale organismului. Nu trebuie s\u0103 uit\u0103m c\u0103 fiecare om se na\u0219te cu propria nevoie energetic\u0103 ca satura\u021bia oxigenic\u0103. Aceasta este denumit\u0103 de medici rata metabolismului bazal \u0219i e mo\u0219tenit\u0103 din familie.<\/p>\n<p>Nu trebuie s\u0103 avem griji pentru c\u0103 metabolismul bazal se poate accelera cu viteza de consum a propriilor organism, putem s\u0103 adapt\u0103m pentru toat\u0103 via\u021ba.<\/p>\n<p>\u00cenainte de orice diet\u0103, g\u00e2ndi\u021biv-v\u0103 la propriul organism. Prima respira\u021bie \u00een via\u021b\u0103 \u00eencepe s\u0103 consume cantit\u0103\u021bi, mai mari sau mai mici, din energia adus\u0103 prin hran\u0103. A\u0219adar nici o diet\u0103 nu va schimba rata metabolic\u0103 pe care a\u021bi mo\u0219tenit-o. La aceast\u0103 rat\u0103 metabolic\u0103 ar trebuii s\u0103 adapta\u021bi cantitatea \u0219i calitatea de alimente ingerate zilnic, exerci\u021biile fizice, care ajut\u0103 la oxigeizarea \u021besuturilor, acceler\u00e2nd trigliceridele, gr\u0103simile circulante din s\u00e2nge..<\/p>\n<p>Pentru controlul metabolismului, a greut\u0103\u021bii am combinat\u00a0 o carte de &#8220;re\u021bet\u0103 super super s\u0103n\u0103toas\u0103 50 \u2013 1oo re\u021bete personalizat\u0103 pentru dvs.&#8221; &#8211; E-book.<\/p>\n<p>Aceste carte induce un efect de cre\u0219tere a termongenezei, proces care genereaz\u0103 energia la nivel celular. Se activeaz\u0103 astfel arderea gr\u0103similor, favorizeaz\u0103 diminuarea adipoaselor, sc\u0103derea lipidelor \u0219i colesterolului. Prin ac\u021biunea stimulent\u0103 combate oboseala \u0219i confer\u0103 energie.<\/p>\n<p>A\u0219adar spre deosebire, \u00eencetinirea metabolismului se poate inversa. Cu unele trucuri utile pot fi accelerate. \u00cempreun\u0103 putem accelera metabolismul, avem nevoie ca mu\u0219chi dvs. s\u0103 se &#8220;activeze&#8221; \u00eempotriva \u021besuturilor grase \u00een repaus. Nu uita\u021bi c\u0103 avem nevoie de izomonizare al\u0103turi de alimenta\u021bie, separat nu func\u021bioneaz\u0103.<\/p>\n<p>Urma\u021bi sfaturile noastre, ad\u0103uga\u021bi unele mi\u0219c\u0103ri specifice adaptat\u0103 pentru metabolism, cu o recomandare de nutri\u021bie u\u0219or de urmat \u0219i adaptabil.\u00a0Efectul va fii cople\u0219itor!<\/p>\n<p>Aici pute\u021bi s\u0103 comanda\u021bi cartea ( E-book) dvs. personalizat\u0103 de\u00a0super-prescrip\u021bie.<\/p>\n","protected":false},"excerpt":{"rendered":"<p>Greutatea este una dintre cele mai bine p\u0103zite\u00a0 secrete ale organismului. Nu trebuie s\u0103 uit\u0103m c\u0103 fiecare om se na\u0219te cu propria nevoie energetic\u0103 ca satura\u021bia oxigenic\u0103. Aceasta este denumit\u0103 de medici rata metabolismului bazal \u0219i e mo\u0219tenit\u0103 din familie. Nu trebuie s\u0103 avem griji pentru c\u0103 metabolismul bazal se poate accelera cu viteza de [&hellip;]<\/p>\n","protected":false},"featured_media":98,"comment_status":"open","ping_status":"closed","template":"","meta":{"_acf_changed":false},"product_brand":[],"product_cat":[36],"product_tag":[],"class_list":{"0":"post-358","1":"product","2":"type-product","3":"status-publish","4":"has-post-thumbnail","6":"product_cat-pachete","8":"first","9":"instock","10":"shipping-taxable","11":"purchasable","12":"product-type-simple"},"acf":[],"_links":{"self":[{"href":"https:\/\/www.andinutri.com\/ro\/wp-json\/wp\/v2\/product\/358","targetHints":{"allow":["GET"]}}],"collection":[{"href":"https:\/\/www.andinutri.com\/ro\/wp-json\/wp\/v2\/product"}],"about":[{"href":"https:\/\/www.andinutri.com\/ro\/wp-json\/wp\/v2\/types\/product"}],"replies":[{"embeddable":true,"href":"https:\/\/www.andinutri.com\/ro\/wp-json\/wp\/v2\/comments?post=358"}],"wp:featuredmedia":[{"embeddable":true,"href":"https:\/\/www.andinutri.com\/ro\/wp-json\/wp\/v2\/media\/98"}],"wp:attachment":[{"href":"https:\/\/www.andinutri.com\/ro\/wp-json\/wp\/v2\/media?parent=358"}],"wp:term":[{"taxonomy":"product_brand","embeddable":true,"href":"https:\/\/www.andinutri.com\/ro\/wp-json\/wp\/v2\/product_brand?post=358"},{"taxonomy":"product_cat","embeddable":true,"href":"https:\/\/www.andinutri.com\/ro\/wp-json\/wp\/v2\/product_cat?post=358"},{"taxonomy":"product_tag","embeddable":true,"href":"https:\/\/www.andinutri.com\/ro\/wp-json\/wp\/v2\/product_tag?post=358"}],"curies":[{"name":"wp","href":"https:\/\/api.w.org\/{rel}","templated":true}]}}